{"id":63,"date":"2020-03-15T11:00:03","date_gmt":"2020-03-15T11:00:03","guid":{"rendered":"http:\/\/rististanbul.com\/?page_id=63"},"modified":"2020-11-24T15:53:04","modified_gmt":"2020-11-24T15:53:04","slug":"ristart","status":"publish","type":"page","link":"https:\/\/rististanbul.com\/index.php\/ristart\/","title":{"rendered":"RISTART"},"content":{"rendered":"<p>[vc_row][vc_column][vc_column_text]<\/p>\n<h3 style=\"text-align: center;\"><em>\u201cArt is the continuation of human in nature&#8221;<\/em><\/h3>\n<p>[\/vc_column_text][vc_separator][vc_single_image image=&#8221;2545&#8243; img_size=&#8221;full&#8221; alignment=&#8221;center&#8221; css_animation=&#8221;fadeIn&#8221;][vc_zigzag][\/vc_column][\/vc_row][vc_row][vc_column][vc_column_text]<\/p>\n<h2>\ud835\udc03\ud835\udc14\ud835\udc04\ud835\udc0d\ud835\udc03\ud835\udc04 \ud835\udc05\ud835\udc0b\ud835\udc00\ud835\udc0c\ud835\udc04\ud835\udc0d\ud835\udc02\ud835\udc0e<\/h2>\n<p>&#8220;\ud835\udc11\ud835\udc22\ud835\udc2c\ud835\udc2d \ud835\udc08\ud835\udc2c\ud835\udc2d\ud835\udc1a\ud835\udc27\ud835\udc1b\ud835\udc2e\ud835\udc25&#8221; \ud835\udc03\ud835\udc2e\ud835\udc1e\ud835\udc27\ud835\udc1d\ud835\udc1e \ud835\udc05\ud835\udc25\ud835\udc1a\ud835\udc26\ud835\udc1e\ud835\udc27\ud835\udc1c\ud835\udc28 @\ud835\udc1c\ud835\udc25\ud835\udc2e\ud835\udc1b\ud835\udc26\ud835\udc1a\ud835\udc2b\ud835\udc2f\ud835\udc32 \ud835\udc11\ud835\udc22\ud835\udc2c\ud835\udc2d\ud835\udc00\ud835\udc2b\ud835\udc2d \ud835\udc02\ud835\udc28\ud835\udc27\ud835\udc1c\ud835\udc1e\ud835\udc2b\ud835\udc2d \ud835\udc12\ud835\udc1e\ud835\udc2b\ud835\udc22\ud835\udc1e\ud835\udc2c \u27a4<\/p>\n<p style=\"text-align: justify;\">Duende; \u201ct\u0131ls\u0131m\u201dd\u0131r. Flamenko&#8217;da m\u00fczi\u011fin etkisiyle kendinden ge\u00e7ilen an olarak adland\u0131r\u0131labilir. Sihirli bir and\u0131r Duende\u2026 \u015eark\u0131n\u0131n bir notas\u0131, gitar\u0131n bir t\u0131n\u0131s\u0131, dans\u00e7\u0131n\u0131n bir hareketi\u2026 Duende ans\u0131z\u0131n gelir ve sizi ba\u015fka bir d\u00fcnyaya g\u00f6t\u00fcr\u00fcr. \u201cDuende Flamenco\u201d Ankara&#8217;l\u0131 m\u00fczisyenlerden olu\u015fan, usta dans\u00e7\u0131lar\u0131n da e\u015flik etti\u011fi, yakla\u015f\u0131k 2007\u2019den beri performans sergileyen bir gruptur. Grup, flamenko&#8217;nun klasik ve modern \u00f6rneklerini sunarken, dans\u0131 ve m\u00fczi\u011fi ustaca sergilemektedir.<\/p>\n<p><em>Vokal : <\/em><strong><em>Burak Altuni<\/em><\/strong><\/p>\n<p><em>Gitar &amp; Vokal : <\/em><strong><em>Ceyhun G\u00fcne\u015f<\/em><\/strong><\/p>\n<p><em>Bas Gitar : <\/em><strong><em>G\u00f6khan Bilek<\/em><\/strong><\/p>\n<p><em>Perkusyon :<\/em><strong><em> Mert Baycan<\/em><\/strong><\/p>\n<p><em>Dans : <\/em><strong><em>Rasime \u00d6ktem<\/em><\/strong><\/p>\n<p><a href=\"http:\/\/www.instagram.com\/duende_flamenco_ankara\">www.instagram.com\/duende_flamenco_ankara<\/a><\/p>\n<p><strong><em> #\ud835\uddcb\ud835\uddc2\ud835\uddcc\ud835\uddcd\ud835\uddc2\ud835\uddcc\ud835\uddcd\ud835\uddba\ud835\uddc7\ud835\uddbb\ud835\uddce\ud835\uddc5 #\ud835\uddbe\ud835\uddcd\ud835\uddc1\ud835\uddc7\ud835\uddc2\ud835\uddbc\ud835\uddce\ud835\uddc7\ud835\uddc2\ud835\uddcf\ud835\uddbe\ud835\uddcb\ud835\uddcc\ud835\uddbe #clubmarvy #flamenco #dance #performance #guitar #live #concert #ristart<\/em><\/strong>[\/vc_column_text][vc_video link=&#8221;https:\/\/youtu.be\/nh8poz8_G8Q&#8221;][vc_zigzag][\/vc_column][\/vc_row][vc_row][vc_column][vc_column_text]<\/p>\n<h2>ATA MARIN BAND<\/h2>\n<div class=\"vc_custom_heading_wrap \">\n<div class=\"clear\"><span style=\"font-family: -apple-system, BlinkMacSystemFont, 'Segoe UI', Roboto, Oxygen-Sans, Ubuntu, Cantarell, 'Helvetica Neue', sans-serif;\">Mus\u0131c Styles:<\/span><\/div>\n<\/div>\n<div class=\"vc_custom_heading_wrap \">\n<div class=\"heading-text el-text\">\n<p class=\"h4\"><strong><span class=\"font-387888\">Gypsy, Flamenco, Lat\u0131n, World, Ethno, Pop, Contemporary<\/span><\/strong><\/p>\n<\/div>\n<div class=\"clear\"><\/div>\n<\/div>\n<div class=\"empty-space empty-half\"><\/div>\n<div class=\"uncode_text_column vc_custom_1564527661092\">\n<p style=\"text-align: justify;\">M\u00fczikal birlikteliklerini son 7 y\u0131ld\u0131r \u0130stanbul, Bodrum ve T\u00fcrkiye\u2019nin se\u00e7kin konser mekanlar\u0131 ve gece kl\u00fcplerinde sahne alarak s\u00fcrd\u00fcren Ata Marin Band; bir \u00e7ok m\u00fczik tarz\u0131n\u0131 kendi m\u00fczikal anlay\u0131\u015f\u0131 ile birle\u015ftirerek, 10\u2019dan fazla farkl\u0131 d\u00fcnya dilinde ve \u00f6zellikle de Flamenco m\u00fczi\u011fin akustik anlay\u0131\u015f\u0131 ile sentezleyerek Latin ezgilerinden Acoustic Pop\u2019a, Greek melodilerinden, \u0130talyanca ve T\u00fcrk\u00e7e par\u00e7alara kadar uzanan geni\u015f bir yelpazeden dinleyicilerine sesleniyor.<\/p>\n<p style=\"text-align: justify;\">Grup Popular World Music, Flamenco, Latin, Akdeniz m\u00fczi\u011fi ile 90\u2019lar ve 2000\u2019li y\u0131llar\u0131n Akustik T\u00fcrk\u00e7e ve D\u00fcnya Hitlerini ba\u015far\u0131yla seslendirerek dinleyicilerine ger\u00e7ek anlamda unutamayacaklar\u0131 bir m\u00fczikal ziyafet sunuyor.<\/p>\n<p style=\"text-align: justify;\">T\u00fcrkiye\u2019deki flamenco m\u00fczi\u011finin en \u00f6nemli solist temsilcilerinden olan Ata Marin \u00f6nc\u00fcl\u00fc\u011f\u00fcnde kurulan grup Tomatito, Gipsy Kings Heritage, El Pirana, Giovanni Hidalgo, Sergio di Finizo ve Antonio Ortiz gibi d\u00fcnyaca \u00fcnl\u00fc usta m\u00fczisyenlerle birlikte \u00e7al\u0131\u015fmalara imza atm\u0131\u015flard\u0131r.<\/p>\n<p style=\"text-align: justify;\">Ata Marin Band 2019 y\u0131l\u0131nda\u00a0<strong>La Petite Maison<\/strong>,\u00a0<strong>Spago<\/strong>\u00a0ve\u00a0<strong>Club Marvy<\/strong>\u2018deki s\u00fcrekli programlar\u0131n\u0131n yan\u0131nda,\u00a0<strong>Rixos Premium G\u00f6cek<\/strong>\u00a0ve\u00a0<strong>D-Maris<\/strong>\u2018te de s\u0131kl\u0131kla sahne almaktad\u0131r.<\/p>\n<\/div>\n<p>[\/vc_column_text][vc_video link=&#8221;https:\/\/www.youtube.com\/watch?v=bokwC9tibsc&#8221; css_animation=&#8221;none&#8221;][vc_video link=&#8221;https:\/\/www.youtube.com\/watch?v=1ZuEPUkZKzs&amp;t=1650s&#8221;][vc_zigzag][\/vc_column][\/vc_row][vc_row][vc_column][vc_column_text]<\/p>\n<h3>Majnoon feat DENIZ OZCELIK &#8211; SUFI DREAMS<\/h3>\n<h4>(IMPROVISING)<\/h4>\n<p style=\"text-align: justify;\">Bu toplan\u0131\u015f, i\u00e7inde bulundu\u011fumuz karanl\u0131k d\u00f6nemin bizlerde b\u0131rakt\u0131\u011f\u0131 etkilerinin yans\u0131mas\u0131d\u0131r&#8230; M\u00fczi\u011fimizle; dokunmak, ak\u0131tmak istedik g\u00f6zya\u015flar\u0131m\u0131z\u0131. Umar\u0131z bu ya\u015fad\u0131klar\u0131m\u0131z ya\u015fayacaklar\u0131m\u0131za kefaret olur. Umar\u0131z soylar\u0131m\u0131za d\u00fcnyay\u0131 ya\u015fanas\u0131 halde miras b\u0131rakabiliriz. Gelecek g\u00fcnleri \u015fimdiden in\u015fa etmeliyiz. Yoksa ya\u015fanacak her g\u00fcn karanl\u0131k olacak!<\/p>\n<p><em>Vocal : <strong>Deniz \u00d6z\u00e7elik<\/strong><\/em><\/p>\n<p><em>Ney : <strong>Ba\u015far Dikici<\/strong><\/em><\/p>\n<p><em>Kanun :<strong> Mert Demircio\u011flu<\/strong><\/em><\/p>\n<p><em>Semazen :<strong> Ishak Urun<\/strong><\/em><\/p>\n<p><em>Video : <strong>Art.Around<\/strong><\/em><\/p>\n<p><em><strong>#izmir #earthquake #corona #greenpeace #stayhome #world #earth #humanity #love #future #children #heart #semazen #sufi #ney<\/strong><\/em>[\/vc_column_text][vc_video link=&#8221;https:\/\/youtu.be\/CPMUxT4PC9s&#8221;][vc_zigzag][\/vc_column][\/vc_row][vc_row][vc_column][vc_column_text]<\/p>\n<h3>VAMOS TRIO&#8217;N<\/h3>\n<p style=\"text-align: justify;\">1940\u2019lardan g\u00fcn\u00fcm\u00fcze, bir\u00e7ok farkl\u0131 dilde Hit olmu\u015f unutulmaz \u015fark\u0131lar\u0131 Jazz, Blues, Latin, Electro Swing, Reggae, Disco tarzlar\u0131nda harmanlayan Vamos Trio&#8217;n, ayr\u0131ca T\u00fcrkiye&#8217;nin ilk ve tek canl\u0131 Electro Swing grubu olma \u00f6zelli\u011fini de ta\u015f\u0131yor.<\/p>\n<p><em><strong>#jazz # blues #swing #disco #r&amp;b #latin #reggae<\/strong><\/em>[\/vc_column_text][vc_video link=&#8221;https:\/\/www.youtube.com\/watch?v=99dZXfXGnyw&amp;feature=youtu.be&amp;ab_channel=RistIstanbul&#8221;][\/vc_column][\/vc_row]<\/p>\n","protected":false},"excerpt":{"rendered":"<p>[vc_row][vc_column][vc_column_text] \u201cArt is the continuation of human in nature&#8221; [\/vc_column_text][vc_separator][vc_single_image image=&#8221;2545&#8243; img_size=&#8221;full&#8221; alignment=&#8221;center&#8221; css_animation=&#8221;fadeIn&#8221;][vc_zigzag][\/vc_column][\/vc_row][vc_row][vc_column][vc_column_text] \ud835\udc03\ud835\udc14\ud835\udc04\ud835\udc0d\ud835\udc03\ud835\udc04 \ud835\udc05\ud835\udc0b\ud835\udc00\ud835\udc0c\ud835\udc04\ud835\udc0d\ud835\udc02\ud835\udc0e &#8220;\ud835\udc11\ud835\udc22\ud835\udc2c\ud835\udc2d \ud835\udc08\ud835\udc2c\ud835\udc2d\ud835\udc1a\ud835\udc27\ud835\udc1b\ud835\udc2e\ud835\udc25&#8221; \ud835\udc03\ud835\udc2e\ud835\udc1e\ud835\udc27\ud835\udc1d\ud835\udc1e \ud835\udc05\ud835\udc25\ud835\udc1a\ud835\udc26\ud835\udc1e\ud835\udc27\ud835\udc1c\ud835\udc28 [&hellip;]<\/p>\n","protected":false},"author":1,"featured_media":0,"parent":0,"menu_order":0,"comment_status":"closed","ping_status":"closed","template":"","meta":{"footnotes":""},"class_list":["post-63","page","type-page","status-publish","hentry"],"_links":{"self":[{"href":"https:\/\/rististanbul.com\/index.php\/wp-json\/wp\/v2\/pages\/63","targetHints":{"allow":["GET"]}}],"collection":[{"href":"https:\/\/rististanbul.com\/index.php\/wp-json\/wp\/v2\/pages"}],"about":[{"href":"https:\/\/rististanbul.com\/index.php\/wp-json\/wp\/v2\/types\/page"}],"author":[{"embeddable":true,"href":"https:\/\/rististanbul.com\/index.php\/wp-json\/wp\/v2\/users\/1"}],"replies":[{"embeddable":true,"href":"https:\/\/rististanbul.com\/index.php\/wp-json\/wp\/v2\/comments?post=63"}],"version-history":[{"count":47,"href":"https:\/\/rististanbul.com\/index.php\/wp-json\/wp\/v2\/pages\/63\/revisions"}],"predecessor-version":[{"id":2650,"href":"https:\/\/rististanbul.com\/index.php\/wp-json\/wp\/v2\/pages\/63\/revisions\/2650"}],"wp:attachment":[{"href":"https:\/\/rististanbul.com\/index.php\/wp-json\/wp\/v2\/media?parent=63"}],"curies":[{"name":"wp","href":"https:\/\/api.w.org\/{rel}","templated":true}]}}